{"id":27073,"date":"2026-02-26T10:55:02","date_gmt":"2026-02-26T10:55:02","guid":{"rendered":"https:\/\/sosgenougeneve.ch\/?page_id=27073"},"modified":"2026-02-26T11:06:02","modified_gmt":"2026-02-26T11:06:02","slug":"international-et-vip","status":"publish","type":"page","link":"https:\/\/sosgenougeneve.ch\/en\/international-et-vip\/","title":{"rendered":"INTERNATIONAL &amp; VIPS"},"content":{"rendered":"<div data-elementor-type=\"wp-page\" data-elementor-id=\"27073\" class=\"elementor elementor-27073\" data-elementor-post-type=\"page\">\n\t\t\t\t<div class=\"elementor-element elementor-element-ae0e9df e-grid e-con-boxed e-con e-parent\" data-id=\"ae0e9df\" data-element_type=\"container\" data-e-type=\"container\" data-settings=\"{&quot;background_background&quot;:&quot;classic&quot;}\">\n\t\t\t\t\t<div class=\"e-con-inner\">\n\t\t\t\t\t<\/div>\n\t\t\t\t<\/div>\n\t\t\t\t<section class=\"elementor-section elementor-top-section elementor-element elementor-element-4cdfafa elementor-section-full_width elementor-section-height-default elementor-section-height-default\" data-id=\"4cdfafa\" data-element_type=\"section\" data-e-type=\"section\">\n\t\t\t\t\t\t<div class=\"elementor-container elementor-column-gap-default\">\n\t\t\t\t\t<div class=\"elementor-column elementor-col-100 elementor-top-column elementor-element elementor-element-01d651e\" data-id=\"01d651e\" data-element_type=\"column\" data-e-type=\"column\">\n\t\t\t<div class=\"elementor-widget-wrap elementor-element-populated\">\n\t\t\t\t\t\t<div class=\"elementor-element elementor-element-e532922 elementor-widget elementor-widget-heading\" data-id=\"e532922\" data-element_type=\"widget\" data-e-type=\"widget\" data-widget_type=\"heading.default\">\n\t\t\t\t<div class=\"elementor-widget-container\">\n\t\t\t\t\t<h1 class=\"elementor-heading-title elementor-size-default\">A TAILOR-MADE SERVICE<\/h1>\t\t\t\t<\/div>\n\t\t\t\t<\/div>\n\t\t\t\t<div class=\"elementor-element elementor-element-97e8969 elementor-widget-divider--view-line elementor-widget elementor-widget-divider\" data-id=\"97e8969\" data-element_type=\"widget\" data-e-type=\"widget\" data-widget_type=\"divider.default\">\n\t\t\t\t<div class=\"elementor-widget-container\">\n\t\t\t\t\t\t\t<div class=\"elementor-divider\">\n\t\t\t<span class=\"elementor-divider-separator\">\n\t\t\t\t\t\t<\/span>\n\t\t<\/div>\n\t\t\t\t\t\t<\/div>\n\t\t\t\t<\/div>\n\t\t\t\t<div class=\"elementor-element elementor-element-df412f2 elementor-widget__width-initial elementor-widget elementor-widget-heading\" data-id=\"df412f2\" data-element_type=\"widget\" data-e-type=\"widget\" data-widget_type=\"heading.default\">\n\t\t\t\t<div class=\"elementor-widget-container\">\n\t\t\t\t\t<div class=\"elementor-heading-title elementor-size-default\">Switzerland, and Geneva in particular, is renowned for the exceptional quality of its private healthcare. Our mission is to welcome you to our center specializing in the treatment of hip and knee problems and to ensure your well-being. Whether you are here for health reasons or visiting for business or leisure, we understand how valuable your time is and how essential it is to receive top-quality medical care.<\/div>\t\t\t\t<\/div>\n\t\t\t\t<\/div>\n\t\t\t\t\t<\/div>\n\t\t<\/div>\n\t\t\t\t\t<\/div>\n\t\t<\/section>\n\t\t<div class=\"elementor-element elementor-element-7d6b8a5 e-grid e-con-full e-con e-parent\" data-id=\"7d6b8a5\" data-element_type=\"container\" data-e-type=\"container\">\n\t\t<div class=\"elementor-element elementor-element-fee2b40 e-con-full e-flex e-con e-child\" data-id=\"fee2b40\" data-element_type=\"container\" data-e-type=\"container\">\n\t\t\t\t<div class=\"elementor-element elementor-element-53c4647 elementor-widget elementor-widget-heading\" data-id=\"53c4647\" data-element_type=\"widget\" data-e-type=\"widget\" data-widget_type=\"heading.default\">\n\t\t\t\t<div class=\"elementor-widget-container\">\n\t\t\t\t\t<h2 class=\"elementor-heading-title elementor-size-default\">ACCESS TO THE BEST ORTHOPEDIC CARE IN THE BEST CLINICS<\/h2>\t\t\t\t<\/div>\n\t\t\t\t<\/div>\n\t\t\t\t<div class=\"elementor-element elementor-element-57f2713 elementor-widget__width-initial elementor-widget-mobile__width-inherit elementor-widget elementor-widget-text-editor\" data-id=\"57f2713\" data-element_type=\"widget\" data-e-type=\"widget\" data-widget_type=\"text-editor.default\">\n\t\t\t\t<div class=\"elementor-widget-container\">\n\t\t\t\t\t\t\t\t\t<p>If surgery is recommended, access to the best clinics in Geneva and the Lake Geneva region is guaranteed. Our commitment to excellence is reflected in our constant updating of the latest advances in orthopedic medical and surgical treatments, ensuring premium quality and services in a luxurious setting to facilitate your recovery.<\/p>\t\t\t\t\t\t\t\t<\/div>\n\t\t\t\t<\/div>\n\t\t\t\t<div class=\"elementor-element elementor-element-442c633 elementor-hidden-desktop elementor-hidden-tablet elementor-widget-divider--view-line elementor-widget elementor-widget-divider\" data-id=\"442c633\" data-element_type=\"widget\" data-e-type=\"widget\" data-widget_type=\"divider.default\">\n\t\t\t\t<div class=\"elementor-widget-container\">\n\t\t\t\t\t\t\t<div class=\"elementor-divider\">\n\t\t\t<span class=\"elementor-divider-separator\">\n\t\t\t\t\t\t<\/span>\n\t\t<\/div>\n\t\t\t\t\t\t<\/div>\n\t\t\t\t<\/div>\n\t\t\t\t<\/div>\n\t\t<div class=\"elementor-element elementor-element-c89afa9 e-con-full e-flex e-con e-child\" data-id=\"c89afa9\" data-element_type=\"container\" data-e-type=\"container\">\n\t\t\t\t<div class=\"elementor-element elementor-element-2aa1ce3 elementor-widget elementor-widget-image\" data-id=\"2aa1ce3\" data-element_type=\"widget\" data-e-type=\"widget\" data-widget_type=\"image.default\">\n\t\t\t\t<div class=\"elementor-widget-container\">\n\t\t\t\t\t\t\t\t\t\t\t\t\t\t\t<img fetchpriority=\"high\" decoding=\"async\" width=\"1000\" height=\"866\" src=\"https:\/\/sosgenougeneve.ch\/wp-content\/uploads\/2025\/06\/access-to-the-best-orthopedic-care-in-the-best-clinics.png\" class=\"attachment-full size-full wp-image-22611\" alt=\"\" srcset=\"https:\/\/sosgenougeneve.ch\/wp-content\/uploads\/2025\/06\/access-to-the-best-orthopedic-care-in-the-best-clinics.png 1000w, https:\/\/sosgenougeneve.ch\/wp-content\/uploads\/2025\/06\/access-to-the-best-orthopedic-care-in-the-best-clinics-346x300.png 346w, https:\/\/sosgenougeneve.ch\/wp-content\/uploads\/2025\/06\/access-to-the-best-orthopedic-care-in-the-best-clinics-924x800.png 924w, https:\/\/sosgenougeneve.ch\/wp-content\/uploads\/2025\/06\/access-to-the-best-orthopedic-care-in-the-best-clinics-768x665.png 768w, https:\/\/sosgenougeneve.ch\/wp-content\/uploads\/2025\/06\/access-to-the-best-orthopedic-care-in-the-best-clinics-14x12.png 14w\" sizes=\"(max-width: 1000px) 100vw, 1000px\" \/>\t\t\t\t\t\t\t\t\t\t\t\t\t\t\t<\/div>\n\t\t\t\t<\/div>\n\t\t\t\t<\/div>\n\t\t\t\t<\/div>\n\t\t<div class=\"elementor-element elementor-element-7eacb3d e-grid e-con-full e-con e-parent\" data-id=\"7eacb3d\" data-element_type=\"container\" data-e-type=\"container\">\n\t\t<div class=\"elementor-element elementor-element-0dcbc4f e-con-full e-flex e-con e-child\" data-id=\"0dcbc4f\" data-element_type=\"container\" data-e-type=\"container\">\n\t\t\t\t<div class=\"elementor-element elementor-element-3ec669b elementor-widget elementor-widget-image\" data-id=\"3ec669b\" data-element_type=\"widget\" data-e-type=\"widget\" data-widget_type=\"image.default\">\n\t\t\t\t<div class=\"elementor-widget-container\">\n\t\t\t\t\t\t\t\t\t\t\t\t\t\t\t<img decoding=\"async\" width=\"2560\" height=\"1707\" src=\"https:\/\/sosgenougeneve.ch\/wp-content\/uploads\/2025\/06\/your-comfort-is-our-priority-scaled.png\" class=\"attachment-full size-full wp-image-22621\" alt=\"\" srcset=\"https:\/\/sosgenougeneve.ch\/wp-content\/uploads\/2025\/06\/your-comfort-is-our-priority-scaled.png 2560w, https:\/\/sosgenougeneve.ch\/wp-content\/uploads\/2025\/06\/your-comfort-is-our-priority-400x267.png 400w, https:\/\/sosgenougeneve.ch\/wp-content\/uploads\/2025\/06\/your-comfort-is-our-priority-1200x800.png 1200w, https:\/\/sosgenougeneve.ch\/wp-content\/uploads\/2025\/06\/your-comfort-is-our-priority-768x512.png 768w, https:\/\/sosgenougeneve.ch\/wp-content\/uploads\/2025\/06\/your-comfort-is-our-priority-1536x1024.png 1536w, https:\/\/sosgenougeneve.ch\/wp-content\/uploads\/2025\/06\/your-comfort-is-our-priority-2048x1365.png 2048w, https:\/\/sosgenougeneve.ch\/wp-content\/uploads\/2025\/06\/your-comfort-is-our-priority-18x12.png 18w\" sizes=\"(max-width: 2560px) 100vw, 2560px\" \/>\t\t\t\t\t\t\t\t\t\t\t\t\t\t\t<\/div>\n\t\t\t\t<\/div>\n\t\t\t\t<\/div>\n\t\t<div class=\"elementor-element elementor-element-0216900 e-con-full e-flex e-con e-child\" data-id=\"0216900\" data-element_type=\"container\" data-e-type=\"container\">\n\t\t\t\t<div class=\"elementor-element elementor-element-8e48b57 elementor-widget elementor-widget-heading\" data-id=\"8e48b57\" data-element_type=\"widget\" data-e-type=\"widget\" data-widget_type=\"heading.default\">\n\t\t\t\t<div class=\"elementor-widget-container\">\n\t\t\t\t\t<h2 class=\"elementor-heading-title elementor-size-default\">YOUR COMFORT IS OUR PRIORITY<\/h2>\t\t\t\t<\/div>\n\t\t\t\t<\/div>\n\t\t\t\t<div class=\"elementor-element elementor-element-a56c703 elementor-widget__width-initial elementor-widget-mobile__width-inherit elementor-widget elementor-widget-text-editor\" data-id=\"a56c703\" data-element_type=\"widget\" data-e-type=\"widget\" data-widget_type=\"text-editor.default\">\n\t\t\t\t<div class=\"elementor-widget-container\">\n\t\t\t\t\t\t\t\t\t<p>We&#039;ll begin the process with a video appointment, giving you the opportunity to discuss your concerns, symptoms, and needs from the comfort of your own home. This allows us to gain a complete understanding of your case, allowing us to request any necessary tests before your in-person consultation.<\/p>\t\t\t\t\t\t\t\t<\/div>\n\t\t\t\t<\/div>\n\t\t\t\t<div class=\"elementor-element elementor-element-5b8be8e elementor-hidden-desktop elementor-hidden-tablet elementor-widget-divider--view-line elementor-widget elementor-widget-divider\" data-id=\"5b8be8e\" data-element_type=\"widget\" data-e-type=\"widget\" data-widget_type=\"divider.default\">\n\t\t\t\t<div class=\"elementor-widget-container\">\n\t\t\t\t\t\t\t<div class=\"elementor-divider\">\n\t\t\t<span class=\"elementor-divider-separator\">\n\t\t\t\t\t\t<\/span>\n\t\t<\/div>\n\t\t\t\t\t\t<\/div>\n\t\t\t\t<\/div>\n\t\t\t\t<\/div>\n\t\t\t\t<\/div>\n\t\t<div class=\"elementor-element elementor-element-fec0b2b e-grid e-con-full e-con e-parent\" data-id=\"fec0b2b\" data-element_type=\"container\" data-e-type=\"container\">\n\t\t<div class=\"elementor-element elementor-element-2c05336 e-con-full e-flex e-con e-child\" data-id=\"2c05336\" data-element_type=\"container\" data-e-type=\"container\">\n\t\t\t\t<div class=\"elementor-element elementor-element-3062b15 elementor-widget elementor-widget-heading\" data-id=\"3062b15\" data-element_type=\"widget\" data-e-type=\"widget\" data-widget_type=\"heading.default\">\n\t\t\t\t<div class=\"elementor-widget-container\">\n\t\t\t\t\t<h2 class=\"elementor-heading-title elementor-size-default\">SAME DAY DIAGNOSIS AND TREATMENT PLAN<\/h2>\t\t\t\t<\/div>\n\t\t\t\t<\/div>\n\t\t\t\t<div class=\"elementor-element elementor-element-b29d3da elementor-widget__width-initial elementor-widget-mobile__width-inherit elementor-widget elementor-widget-text-editor\" data-id=\"b29d3da\" data-element_type=\"widget\" data-e-type=\"widget\" data-widget_type=\"text-editor.default\">\n\t\t\t\t<div class=\"elementor-widget-container\">\n\t\t\t\t\t\t\t\t\t<p>Experience unparalleled healthcare efficiency with our optimized services, designed around a \u201csame day diagnosis and treatment\u201d strategy. Using advanced X-ray and MRI technologies, we quickly deliver accurate information followed by a personalized consultation, all in a single day. This streamlined process ensures that when you leave, you not only take clear answers but also a tailored treatment plan, accelerating your journey to optimal health.<\/p>\t\t\t\t\t\t\t\t<\/div>\n\t\t\t\t<\/div>\n\t\t\t\t<div class=\"elementor-element elementor-element-396751f elementor-hidden-desktop elementor-hidden-tablet elementor-widget-divider--view-line elementor-widget elementor-widget-divider\" data-id=\"396751f\" data-element_type=\"widget\" data-e-type=\"widget\" data-widget_type=\"divider.default\">\n\t\t\t\t<div class=\"elementor-widget-container\">\n\t\t\t\t\t\t\t<div class=\"elementor-divider\">\n\t\t\t<span class=\"elementor-divider-separator\">\n\t\t\t\t\t\t<\/span>\n\t\t<\/div>\n\t\t\t\t\t\t<\/div>\n\t\t\t\t<\/div>\n\t\t\t\t<\/div>\n\t\t<div class=\"elementor-element elementor-element-fd305a4 e-con-full e-flex e-con e-child\" data-id=\"fd305a4\" data-element_type=\"container\" data-e-type=\"container\">\n\t\t\t\t<div class=\"elementor-element elementor-element-c00d790 elementor-widget elementor-widget-image\" data-id=\"c00d790\" data-element_type=\"widget\" data-e-type=\"widget\" data-widget_type=\"image.default\">\n\t\t\t\t<div class=\"elementor-widget-container\">\n\t\t\t\t\t\t\t\t\t\t\t\t\t\t\t<img decoding=\"async\" width=\"2560\" height=\"1707\" src=\"https:\/\/sosgenougeneve.ch\/wp-content\/uploads\/2025\/06\/biological-therapies-and-infiltrations-scaled.jpg\" class=\"attachment-full size-full wp-image-22653\" alt=\"orthop\u00e9dique\" srcset=\"https:\/\/sosgenougeneve.ch\/wp-content\/uploads\/2025\/06\/biological-therapies-and-infiltrations-scaled.jpg 2560w, https:\/\/sosgenougeneve.ch\/wp-content\/uploads\/2025\/06\/biological-therapies-and-infiltrations-400x267.jpg 400w, https:\/\/sosgenougeneve.ch\/wp-content\/uploads\/2025\/06\/biological-therapies-and-infiltrations-1200x800.jpg 1200w, https:\/\/sosgenougeneve.ch\/wp-content\/uploads\/2025\/06\/biological-therapies-and-infiltrations-768x512.jpg 768w, https:\/\/sosgenougeneve.ch\/wp-content\/uploads\/2025\/06\/biological-therapies-and-infiltrations-1536x1024.jpg 1536w, https:\/\/sosgenougeneve.ch\/wp-content\/uploads\/2025\/06\/biological-therapies-and-infiltrations-2048x1365.jpg 2048w, https:\/\/sosgenougeneve.ch\/wp-content\/uploads\/2025\/06\/biological-therapies-and-infiltrations-18x12.jpg 18w\" sizes=\"(max-width: 2560px) 100vw, 2560px\" \/>\t\t\t\t\t\t\t\t\t\t\t\t\t\t\t<\/div>\n\t\t\t\t<\/div>\n\t\t\t\t<\/div>\n\t\t\t\t<\/div>\n\t\t<div class=\"elementor-element elementor-element-1a2d4d8 e-grid e-con-full e-con e-parent\" data-id=\"1a2d4d8\" data-element_type=\"container\" data-e-type=\"container\">\n\t\t<div class=\"elementor-element elementor-element-3f7406f e-con-full e-flex e-con e-child\" data-id=\"3f7406f\" data-element_type=\"container\" data-e-type=\"container\">\n\t\t\t\t<div class=\"elementor-element elementor-element-d69fadc elementor-widget elementor-widget-image\" data-id=\"d69fadc\" data-element_type=\"widget\" data-e-type=\"widget\" data-widget_type=\"image.default\">\n\t\t\t\t<div class=\"elementor-widget-container\">\n\t\t\t\t\t\t\t\t\t\t\t\t\t\t\t<img loading=\"lazy\" decoding=\"async\" width=\"2560\" height=\"1707\" src=\"https:\/\/sosgenougeneve.ch\/wp-content\/uploads\/2025\/06\/concierge-services-scaled.jpg\" class=\"attachment-full size-full wp-image-22607\" alt=\"\" srcset=\"https:\/\/sosgenougeneve.ch\/wp-content\/uploads\/2025\/06\/concierge-services-scaled.jpg 2560w, https:\/\/sosgenougeneve.ch\/wp-content\/uploads\/2025\/06\/concierge-services-400x267.jpg 400w, https:\/\/sosgenougeneve.ch\/wp-content\/uploads\/2025\/06\/concierge-services-1200x800.jpg 1200w, https:\/\/sosgenougeneve.ch\/wp-content\/uploads\/2025\/06\/concierge-services-768x512.jpg 768w, https:\/\/sosgenougeneve.ch\/wp-content\/uploads\/2025\/06\/concierge-services-1536x1024.jpg 1536w, https:\/\/sosgenougeneve.ch\/wp-content\/uploads\/2025\/06\/concierge-services-2048x1365.jpg 2048w, https:\/\/sosgenougeneve.ch\/wp-content\/uploads\/2025\/06\/concierge-services-18x12.jpg 18w\" sizes=\"(max-width: 2560px) 100vw, 2560px\" \/>\t\t\t\t\t\t\t\t\t\t\t\t\t\t\t<\/div>\n\t\t\t\t<\/div>\n\t\t\t\t<\/div>\n\t\t<div class=\"elementor-element elementor-element-5bd45c3 e-con-full e-flex e-con e-child\" data-id=\"5bd45c3\" data-element_type=\"container\" data-e-type=\"container\">\n\t\t\t\t<div class=\"elementor-element elementor-element-19cd42e elementor-widget elementor-widget-heading\" data-id=\"19cd42e\" data-element_type=\"widget\" data-e-type=\"widget\" data-widget_type=\"heading.default\">\n\t\t\t\t<div class=\"elementor-widget-container\">\n\t\t\t\t\t<h2 class=\"elementor-heading-title elementor-size-default\">CONCIERGE SERVICES<\/h2>\t\t\t\t<\/div>\n\t\t\t\t<\/div>\n\t\t\t\t<div class=\"elementor-element elementor-element-96f76c9 elementor-widget__width-initial elementor-widget-mobile__width-inherit elementor-widget elementor-widget-text-editor\" data-id=\"96f76c9\" data-element_type=\"widget\" data-e-type=\"widget\" data-widget_type=\"text-editor.default\">\n\t\t\t\t<div class=\"elementor-widget-container\">\n\t\t\t\t\t\t\t\t\t<p>If surgery is deemed necessary, our commitment is to provide you with the best possible treatment. Our dedicated patient concierge ensures that your experience is not only efficient but enjoyable, offering a range of services including:<\/p><p>\u2013 Hotel reservation<br \/>\u2013 Transfers between the airport and the hotel to the clinic<br \/>\u2013 Discretion and confidentiality<br \/>\u2013 Expert management<br \/>\u2013 Home consultations available upon request<\/p><p>Your comfort and well-being are our top priorities at every step of your journey.<\/p>\t\t\t\t\t\t\t\t<\/div>\n\t\t\t\t<\/div>\n\t\t\t\t<div class=\"elementor-element elementor-element-c476f08 elementor-hidden-desktop elementor-hidden-tablet elementor-widget-divider--view-line elementor-widget elementor-widget-divider\" data-id=\"c476f08\" data-element_type=\"widget\" data-e-type=\"widget\" data-widget_type=\"divider.default\">\n\t\t\t\t<div class=\"elementor-widget-container\">\n\t\t\t\t\t\t\t<div class=\"elementor-divider\">\n\t\t\t<span class=\"elementor-divider-separator\">\n\t\t\t\t\t\t<\/span>\n\t\t<\/div>\n\t\t\t\t\t\t<\/div>\n\t\t\t\t<\/div>\n\t\t\t\t<\/div>\n\t\t\t\t<\/div>\n\t\t<div class=\"elementor-element elementor-element-d7038d7 e-grid e-con-full e-con e-parent\" data-id=\"d7038d7\" data-element_type=\"container\" data-e-type=\"container\">\n\t\t<div class=\"elementor-element elementor-element-f383d5e e-con-full e-flex e-con e-child\" data-id=\"f383d5e\" data-element_type=\"container\" data-e-type=\"container\">\n\t\t\t\t<div class=\"elementor-element elementor-element-5787fa5 elementor-widget elementor-widget-heading\" data-id=\"5787fa5\" data-element_type=\"widget\" data-e-type=\"widget\" data-widget_type=\"heading.default\">\n\t\t\t\t<div class=\"elementor-widget-container\">\n\t\t\t\t\t<h2 class=\"elementor-heading-title elementor-size-default\">INTEGRATED CARE<\/h2>\t\t\t\t<\/div>\n\t\t\t\t<\/div>\n\t\t\t\t<div class=\"elementor-element elementor-element-5d87741 elementor-widget__width-initial elementor-widget-mobile__width-inherit elementor-widget elementor-widget-text-editor\" data-id=\"5d87741\" data-element_type=\"widget\" data-e-type=\"widget\" data-widget_type=\"text-editor.default\">\n\t\t\t\t<div class=\"elementor-widget-container\">\n\t\t\t\t\t\t\t\t\t<p>We are committed to working closely with your personal healthcare team. We recognize the role your healthcare professionals play in your overall well-being. By fostering open communication and synergy with your existing healthcare team, our goal is to ensure a seamless and integrated approach to your care. Your health is a shared priority, and we work together to achieve the best possible outcomes for you.<\/p>\t\t\t\t\t\t\t\t<\/div>\n\t\t\t\t<\/div>\n\t\t\t\t<div class=\"elementor-element elementor-element-b36ee64 elementor-hidden-desktop elementor-hidden-tablet elementor-widget-divider--view-line elementor-widget elementor-widget-divider\" data-id=\"b36ee64\" data-element_type=\"widget\" data-e-type=\"widget\" data-widget_type=\"divider.default\">\n\t\t\t\t<div class=\"elementor-widget-container\">\n\t\t\t\t\t\t\t<div class=\"elementor-divider\">\n\t\t\t<span class=\"elementor-divider-separator\">\n\t\t\t\t\t\t<\/span>\n\t\t<\/div>\n\t\t\t\t\t\t<\/div>\n\t\t\t\t<\/div>\n\t\t\t\t<\/div>\n\t\t<div class=\"elementor-element elementor-element-242906b e-con-full e-flex e-con e-child\" data-id=\"242906b\" data-element_type=\"container\" data-e-type=\"container\">\n\t\t\t\t<div class=\"elementor-element elementor-element-ab8f8ba elementor-widget elementor-widget-image\" data-id=\"ab8f8ba\" data-element_type=\"widget\" data-e-type=\"widget\" data-widget_type=\"image.default\">\n\t\t\t\t<div class=\"elementor-widget-container\">\n\t\t\t\t\t\t\t\t\t\t\t\t\t\t\t<img loading=\"lazy\" decoding=\"async\" width=\"2560\" height=\"1707\" src=\"https:\/\/sosgenougeneve.ch\/wp-content\/uploads\/2025\/06\/global-support-scaled.jpg\" class=\"attachment-full size-full wp-image-22645\" alt=\"\" srcset=\"https:\/\/sosgenougeneve.ch\/wp-content\/uploads\/2025\/06\/global-support-scaled.jpg 2560w, https:\/\/sosgenougeneve.ch\/wp-content\/uploads\/2025\/06\/global-support-400x267.jpg 400w, https:\/\/sosgenougeneve.ch\/wp-content\/uploads\/2025\/06\/global-support-1200x800.jpg 1200w, https:\/\/sosgenougeneve.ch\/wp-content\/uploads\/2025\/06\/global-support-768x512.jpg 768w, https:\/\/sosgenougeneve.ch\/wp-content\/uploads\/2025\/06\/global-support-1536x1024.jpg 1536w, https:\/\/sosgenougeneve.ch\/wp-content\/uploads\/2025\/06\/global-support-2048x1365.jpg 2048w, https:\/\/sosgenougeneve.ch\/wp-content\/uploads\/2025\/06\/global-support-18x12.jpg 18w\" sizes=\"(max-width: 2560px) 100vw, 2560px\" \/>\t\t\t\t\t\t\t\t\t\t\t\t\t\t\t<\/div>\n\t\t\t\t<\/div>\n\t\t\t\t<\/div>\n\t\t\t\t<\/div>\n\t\t<div class=\"elementor-element elementor-element-ea975f3 e-grid e-con-full e-con e-parent\" data-id=\"ea975f3\" data-element_type=\"container\" data-e-type=\"container\">\n\t\t<div class=\"elementor-element elementor-element-8ab2e89 e-con-full e-flex e-con e-child\" data-id=\"8ab2e89\" data-element_type=\"container\" data-e-type=\"container\">\n\t\t\t\t<div class=\"elementor-element elementor-element-13c0d2e elementor-widget elementor-widget-image\" data-id=\"13c0d2e\" data-element_type=\"widget\" data-e-type=\"widget\" data-widget_type=\"image.default\">\n\t\t\t\t<div class=\"elementor-widget-container\">\n\t\t\t\t\t\t\t\t\t\t\t\t\t\t\t<img loading=\"lazy\" decoding=\"async\" width=\"2560\" height=\"1707\" src=\"https:\/\/sosgenougeneve.ch\/wp-content\/uploads\/2025\/06\/easy-access-scaled.jpg\" class=\"attachment-full size-full wp-image-22609\" alt=\"\" srcset=\"https:\/\/sosgenougeneve.ch\/wp-content\/uploads\/2025\/06\/easy-access-scaled.jpg 2560w, https:\/\/sosgenougeneve.ch\/wp-content\/uploads\/2025\/06\/easy-access-400x267.jpg 400w, https:\/\/sosgenougeneve.ch\/wp-content\/uploads\/2025\/06\/easy-access-1200x800.jpg 1200w, https:\/\/sosgenougeneve.ch\/wp-content\/uploads\/2025\/06\/easy-access-768x512.jpg 768w, https:\/\/sosgenougeneve.ch\/wp-content\/uploads\/2025\/06\/easy-access-1536x1024.jpg 1536w, https:\/\/sosgenougeneve.ch\/wp-content\/uploads\/2025\/06\/easy-access-2048x1365.jpg 2048w, https:\/\/sosgenougeneve.ch\/wp-content\/uploads\/2025\/06\/easy-access-18x12.jpg 18w\" sizes=\"(max-width: 2560px) 100vw, 2560px\" \/>\t\t\t\t\t\t\t\t\t\t\t\t\t\t\t<\/div>\n\t\t\t\t<\/div>\n\t\t\t\t<\/div>\n\t\t<div class=\"elementor-element elementor-element-5244b49 e-con-full e-flex e-con e-child\" data-id=\"5244b49\" data-element_type=\"container\" data-e-type=\"container\">\n\t\t\t\t<div class=\"elementor-element elementor-element-5e460fd elementor-widget elementor-widget-heading\" data-id=\"5e460fd\" data-element_type=\"widget\" data-e-type=\"widget\" data-widget_type=\"heading.default\">\n\t\t\t\t<div class=\"elementor-widget-container\">\n\t\t\t\t\t<h2 class=\"elementor-heading-title elementor-size-default\">EASE OF ACCESS<\/h2>\t\t\t\t<\/div>\n\t\t\t\t<\/div>\n\t\t\t\t<div class=\"elementor-element elementor-element-17bd9da elementor-widget__width-initial elementor-widget-mobile__width-inherit elementor-widget elementor-widget-text-editor\" data-id=\"17bd9da\" data-element_type=\"widget\" data-e-type=\"widget\" data-widget_type=\"text-editor.default\">\n\t\t\t\t<div class=\"elementor-widget-container\">\n\t\t\t\t\t\t\t\t\t<p>\u2019Geneva International Airport stands out as a premier hub, offering commercial flights from major capitals and boasting one of the largest private jet infrastructures in Europe. Your journey is made exceptionally seamless thanks to the ability to accommodate private aircraft, an attractive option for those seeking a more exclusive travel experience.<\/p>\t\t\t\t\t\t\t\t<\/div>\n\t\t\t\t<\/div>\n\t\t\t\t<div class=\"elementor-element elementor-element-a682a57 elementor-hidden-desktop elementor-hidden-tablet elementor-widget-divider--view-line elementor-widget elementor-widget-divider\" data-id=\"a682a57\" data-element_type=\"widget\" data-e-type=\"widget\" data-widget_type=\"divider.default\">\n\t\t\t\t<div class=\"elementor-widget-container\">\n\t\t\t\t\t\t\t<div class=\"elementor-divider\">\n\t\t\t<span class=\"elementor-divider-separator\">\n\t\t\t\t\t\t<\/span>\n\t\t<\/div>\n\t\t\t\t\t\t<\/div>\n\t\t\t\t<\/div>\n\t\t\t\t<\/div>\n\t\t\t\t<\/div>\n\t\t\t\t<\/div>","protected":false},"excerpt":{"rendered":"<p>UN SERVICE SUR MESURE La Suisse, et en particulier Gen\u00e8ve, est r\u00e9put\u00e9e pour la qualit\u00e9 exceptionnelle de ses soins de sant\u00e9 priv\u00e9s. Notre mission est de vous accueillir dans notre centre sp\u00e9cialis\u00e9 dans le traitement des probl\u00e8mes de hanche et de genou, et de veiller \u00e0 votre bien-\u00eatre. Que vous veniez pour des raisons de [&hellip;]<\/p>\n","protected":false},"author":2,"featured_media":0,"parent":0,"menu_order":0,"comment_status":"closed","ping_status":"closed","template":"elementor_header_footer","meta":{"_acf_changed":false,"footnotes":""},"class_list":["post-27073","page","type-page","status-publish","hentry"],"acf":[],"_links":{"self":[{"href":"https:\/\/sosgenougeneve.ch\/en\/wp-json\/wp\/v2\/pages\/27073","targetHints":{"allow":["GET"]}}],"collection":[{"href":"https:\/\/sosgenougeneve.ch\/en\/wp-json\/wp\/v2\/pages"}],"about":[{"href":"https:\/\/sosgenougeneve.ch\/en\/wp-json\/wp\/v2\/types\/page"}],"author":[{"embeddable":true,"href":"https:\/\/sosgenougeneve.ch\/en\/wp-json\/wp\/v2\/users\/2"}],"replies":[{"embeddable":true,"href":"https:\/\/sosgenougeneve.ch\/en\/wp-json\/wp\/v2\/comments?post=27073"}],"version-history":[{"count":0,"href":"https:\/\/sosgenougeneve.ch\/en\/wp-json\/wp\/v2\/pages\/27073\/revisions"}],"wp:attachment":[{"href":"https:\/\/sosgenougeneve.ch\/en\/wp-json\/wp\/v2\/media?parent=27073"}],"curies":[{"name":"wp","href":"https:\/\/api.w.org\/{rel}","templated":true}]}}